{"id":82,"date":"2016-08-07T07:03:13","date_gmt":"2016-08-07T05:03:13","guid":{"rendered":"https:\/\/amd4ever.de\/gallmeier\/?page_id=82"},"modified":"2023-11-24T11:33:08","modified_gmt":"2023-11-24T10:33:08","slug":"ueber-uns","status":"publish","type":"page","link":"https:\/\/heilbruennl.de\/","title":{"rendered":"\u00dcber uns"},"content":{"rendered":"\n<p> <\/p>\n\n\n\n<h2 class=\"has-text-align-center\">Ein Herzliches Gr\u00fc\u00df Gott <\/h2>\n\n\n\n<div class=\"wp-block-image\"><figure class=\"aligncenter size-large\"><img loading=\"lazy\" width=\"1024\" height=\"678\" src=\"https:\/\/heilbruennl.de\/wp-content\/uploads\/2021\/07\/DSC_7923-1024x678.jpg\" alt=\"\" class=\"wp-image-543\" srcset=\"https:\/\/heilbruennl.de\/wp-content\/uploads\/2021\/07\/DSC_7923-1024x678.jpg 1024w, https:\/\/heilbruennl.de\/wp-content\/uploads\/2021\/07\/DSC_7923-300x199.jpg 300w, https:\/\/heilbruennl.de\/wp-content\/uploads\/2021\/07\/DSC_7923-768x509.jpg 768w, https:\/\/heilbruennl.de\/wp-content\/uploads\/2021\/07\/DSC_7923-1536x1017.jpg 1536w, https:\/\/heilbruennl.de\/wp-content\/uploads\/2021\/07\/DSC_7923-2048x1356.jpg 2048w\" sizes=\"(max-width: 1024px) 100vw, 1024px\" \/><figcaption><br><br><br><em>Euch erwarteten bei uns, leckere regionale und \u00fcberregionale \u201eHausmannskost\u201c <br>sowie kulinarische, deftige Schmankerl, in einer freundlichen und gem\u00fctlichen Atmosph\u00e4re.&nbsp;<br>Ihr k\u00f6nnt Euch daf\u00fcr aber sicher sein, dass bei uns alles mit &#8220;Liebe&#8221; und vor allem frisch zubereitet wird.<br><br>Unsere bayerische Atmosph\u00e4re l\u00e4dt Sie zu einem gem\u00fctlichen Aufenthalt ein. <br>Als Pension und Gasthof bieten wir Ihnen an, nach einem wohlschmeckenden Essen, den Abend in bayrischer Gem\u00fctlichkeit ausklingen zu lassen, sowie sich in unseren Zimmern zu erholen. <br>Unser Gasthof befindet sich in direkter N\u00e4he zur Wallfahrtskirche Heilbr\u00fcnnl. <br>Gerne stellen wir Ihnen unsere R\u00e4ume auch f\u00fcr Ihre Festlichkeiten zur Verf\u00fcgung. <br>Unser Service-Team steht Ihnen dabei jederzeit in Planung, Koordination und Durchf\u00fchrung zur Seite. <br>Guten Appetit, Mahlzeit, sowie einen angenehmen Aufenthalt in unserem Haus w\u00fcnscht Ihnen <br>das Team der Wallfahrts- Gastst\u00e4tte Heillbr\u00fcnnl<\/em><\/figcaption><\/figure><\/div>\n\n\n\n<p><\/p>\n\n\n\n<p><\/p>\n\n\n\n<p><\/p>\n\n\n\n<h2><\/h2>\n\n\n\n<div class=\"wp-block-image\"><figure class=\"aligncenter size-large\"><img loading=\"lazy\" width=\"1024\" height=\"683\" src=\"https:\/\/heilbruennl.de\/wp-content\/uploads\/2021\/07\/PSX_20200612_205306-1024x683.jpg\" alt=\"\" class=\"wp-image-546\" srcset=\"https:\/\/heilbruennl.de\/wp-content\/uploads\/2021\/07\/PSX_20200612_205306-1024x683.jpg 1024w, https:\/\/heilbruennl.de\/wp-content\/uploads\/2021\/07\/PSX_20200612_205306-300x200.jpg 300w, https:\/\/heilbruennl.de\/wp-content\/uploads\/2021\/07\/PSX_20200612_205306-768x512.jpg 768w, https:\/\/heilbruennl.de\/wp-content\/uploads\/2021\/07\/PSX_20200612_205306-1536x1024.jpg 1536w, https:\/\/heilbruennl.de\/wp-content\/uploads\/2021\/07\/PSX_20200612_205306-2048x1366.jpg 2048w\" sizes=\"(max-width: 1024px) 100vw, 1024px\" \/><\/figure><\/div>\n","protected":false},"excerpt":{"rendered":"<p>Ein Herzliches Gr\u00fc\u00df Gott<\/p>\n <a class=\"more-link\" href=\"https:\/\/heilbruennl.de\/\"><span class=\"more-msg\">Continue reading &rarr;<\/span><\/a>","protected":false},"author":2,"featured_media":0,"parent":0,"menu_order":0,"comment_status":"closed","ping_status":"closed","template":"","meta":[],"_links":{"self":[{"href":"https:\/\/heilbruennl.de\/index.php\/wp-json\/wp\/v2\/pages\/82"}],"collection":[{"href":"https:\/\/heilbruennl.de\/index.php\/wp-json\/wp\/v2\/pages"}],"about":[{"href":"https:\/\/heilbruennl.de\/index.php\/wp-json\/wp\/v2\/types\/page"}],"author":[{"embeddable":true,"href":"https:\/\/heilbruennl.de\/index.php\/wp-json\/wp\/v2\/users\/2"}],"replies":[{"embeddable":true,"href":"https:\/\/heilbruennl.de\/index.php\/wp-json\/wp\/v2\/comments?post=82"}],"version-history":[{"count":75,"href":"https:\/\/heilbruennl.de\/index.php\/wp-json\/wp\/v2\/pages\/82\/revisions"}],"predecessor-version":[{"id":635,"href":"https:\/\/heilbruennl.de\/index.php\/wp-json\/wp\/v2\/pages\/82\/revisions\/635"}],"wp:attachment":[{"href":"https:\/\/heilbruennl.de\/index.php\/wp-json\/wp\/v2\/media?parent=82"}],"curies":[{"name":"wp","href":"https:\/\/api.w.org\/{rel}","templated":true}]}}